{"id":989,"date":"2025-04-09T16:36:10","date_gmt":"2025-04-09T13:36:10","guid":{"rendered":"https:\/\/markelaaksonen.net\/?page_id=989"},"modified":"2025-04-09T16:36:11","modified_gmt":"2025-04-09T13:36:11","slug":"3-28-5-2025-kaivertamalla-synnytetty","status":"publish","type":"page","link":"https:\/\/markelaaksonen.net\/?page_id=989","title":{"rendered":"3.-28.5.2025 &#8221;Kaivertamalla synnytetty&#8221;"},"content":{"rendered":"<p><strong>Kaarina-talo 1. krs<\/strong><br \/>\n<strong>Avajaiset pe 2.5. klo 17.30-19.<\/strong><\/p>\n<p><strong>Turun Sunnuntaimaalareiden (Suma) n\u00e4yttely.<\/strong><\/p>\n<p><strong>Kaivertamalla synnytetty<\/strong> (1. krs) esittelee useiden puupiirt\u00e4jien teoksia vuosien varrelta. Puupiirroskursseja on Sumassa j\u00e4rjestetty yli 10 vuoden ajan. Opettajina ovat olleet taidegraafikot Teija Lehto ja Taru Salonen. N\u00e4yttelyss\u00e4 on esill\u00e4 my\u00f6s kaiverrettuja koivuvanerilaattoja ja ty\u00f6v\u00e4lineit\u00e4, joilla teoksia on tehty sek\u00e4 kuvamateriaalia ty\u00f6skentelyst\u00e4.<\/p>\n","protected":false},"excerpt":{"rendered":"<p>Kaarina-talo 1. krs Avajaiset pe 2.5. klo 17.30-19. Turun Sunnuntaimaalareiden (Suma) n\u00e4yttely. Kaivertamalla synnytetty (1. krs) esittelee useiden puupiirt\u00e4jien teoksia vuosien varrelta. Puupiirroskursseja on Sumassa j\u00e4rjestetty yli 10 vuoden ajan. Opettajina ovat olleet taidegraafikot Teija Lehto ja Taru Salonen. N\u00e4yttelyss\u00e4 on esill\u00e4 my\u00f6s kaiverrettuja koivuvanerilaattoja ja ty\u00f6v\u00e4lineit\u00e4, joilla teoksia on tehty sek\u00e4 kuvamateriaalia ty\u00f6skentelyst\u00e4.<\/p>\n","protected":false},"author":1,"featured_media":0,"parent":0,"menu_order":0,"comment_status":"closed","ping_status":"closed","template":"","meta":{"footnotes":""},"class_list":["post-989","page","type-page","status-publish","hentry"],"_links":{"self":[{"href":"https:\/\/markelaaksonen.net\/index.php?rest_route=\/wp\/v2\/pages\/989","targetHints":{"allow":["GET"]}}],"collection":[{"href":"https:\/\/markelaaksonen.net\/index.php?rest_route=\/wp\/v2\/pages"}],"about":[{"href":"https:\/\/markelaaksonen.net\/index.php?rest_route=\/wp\/v2\/types\/page"}],"author":[{"embeddable":true,"href":"https:\/\/markelaaksonen.net\/index.php?rest_route=\/wp\/v2\/users\/1"}],"replies":[{"embeddable":true,"href":"https:\/\/markelaaksonen.net\/index.php?rest_route=%2Fwp%2Fv2%2Fcomments&post=989"}],"version-history":[{"count":1,"href":"https:\/\/markelaaksonen.net\/index.php?rest_route=\/wp\/v2\/pages\/989\/revisions"}],"predecessor-version":[{"id":990,"href":"https:\/\/markelaaksonen.net\/index.php?rest_route=\/wp\/v2\/pages\/989\/revisions\/990"}],"wp:attachment":[{"href":"https:\/\/markelaaksonen.net\/index.php?rest_route=%2Fwp%2Fv2%2Fmedia&parent=989"}],"curies":[{"name":"wp","href":"https:\/\/api.w.org\/{rel}","templated":true}]}}