{"id":906,"date":"2025-01-12T16:01:25","date_gmt":"2025-01-12T14:01:25","guid":{"rendered":"https:\/\/markelaaksonen.net\/?page_id=906"},"modified":"2025-01-12T16:12:24","modified_gmt":"2025-01-12T14:12:24","slug":"ilo-ja-inspiraatio-26-01-22-02-2025-jorvin-sairaalan-paaaula","status":"publish","type":"page","link":"https:\/\/markelaaksonen.net\/?page_id=906","title":{"rendered":"&#8221;Ilo ja inspiraatio&#8221; 26.01.-22.02.2025 Jorvin sairaalan p\u00e4\u00e4aula"},"content":{"rendered":"<p><span style=\"color: #080b15;\"><span style=\"font-family: Arial, sans-serif;\"><span style=\"font-size: medium;\">N\u00e4yttely\u00a0<\/span><\/span><\/span><em><span style=\"color: #080b15;\"><span style=\"font-family: Arial, sans-serif;\"><span style=\"font-size: medium;\">\u201dIlo ja inspiraatio\u201d<\/span><\/span><\/span><\/em><span style=\"color: #080b15;\"><span style=\"font-family: Arial, sans-serif;\"><span style=\"font-size: medium;\">\u00a0kutsuu sinut nauttimaan taiteesta, joka s\u00e4teilee l\u00e4mp\u00f6\u00e4 ja positiivista energiaa. Teema, keltainen, symboloi iloa, valoa ja toivoa, mutta tekij\u00f6iden k\u00e4denj\u00e4ljess\u00e4 se saa lukemattomia ilmentymi\u00e4.<\/span><\/span><\/span><\/p>\n<p><span style=\"color: #000000;\"><span style=\"font-family: Arial, sans-serif;\"><span style=\"font-size: medium;\">T\u00e4m\u00e4n n\u00e4yttelyn tarkoituksena on tuoda iloa ja hyvinvointia katsojilleen. Tervetuloa jakamaan iloa ja inspiroitumaan!<\/span><\/span><\/span><\/p>\n<p><span style=\"color: #000000;\"><span style=\"font-family: Arial, sans-serif;\">Jorvin sairaalan p\u00e4\u00e4aula<br \/>\nKarvasm\u00e4entie 8, 02740 Espoo<\/span><\/span><\/p>\n<p>Helsingin Taideyhdistys ry<\/p>\n","protected":false},"excerpt":{"rendered":"<p>N\u00e4yttely\u00a0\u201dIlo ja inspiraatio\u201d\u00a0kutsuu sinut nauttimaan taiteesta, joka s\u00e4teilee l\u00e4mp\u00f6\u00e4 ja positiivista energiaa. Teema, keltainen, symboloi iloa, valoa ja toivoa, mutta tekij\u00f6iden k\u00e4denj\u00e4ljess\u00e4 se saa lukemattomia ilmentymi\u00e4. T\u00e4m\u00e4n n\u00e4yttelyn tarkoituksena on tuoda iloa ja hyvinvointia katsojilleen. Tervetuloa jakamaan iloa ja inspiroitumaan! Jorvin sairaalan p\u00e4\u00e4aula Karvasm\u00e4entie 8, 02740 Espoo Helsingin Taideyhdistys ry<\/p>\n","protected":false},"author":1,"featured_media":0,"parent":0,"menu_order":0,"comment_status":"closed","ping_status":"closed","template":"","meta":{"footnotes":""},"class_list":["post-906","page","type-page","status-publish","hentry"],"_links":{"self":[{"href":"https:\/\/markelaaksonen.net\/index.php?rest_route=\/wp\/v2\/pages\/906","targetHints":{"allow":["GET"]}}],"collection":[{"href":"https:\/\/markelaaksonen.net\/index.php?rest_route=\/wp\/v2\/pages"}],"about":[{"href":"https:\/\/markelaaksonen.net\/index.php?rest_route=\/wp\/v2\/types\/page"}],"author":[{"embeddable":true,"href":"https:\/\/markelaaksonen.net\/index.php?rest_route=\/wp\/v2\/users\/1"}],"replies":[{"embeddable":true,"href":"https:\/\/markelaaksonen.net\/index.php?rest_route=%2Fwp%2Fv2%2Fcomments&post=906"}],"version-history":[{"count":5,"href":"https:\/\/markelaaksonen.net\/index.php?rest_route=\/wp\/v2\/pages\/906\/revisions"}],"predecessor-version":[{"id":914,"href":"https:\/\/markelaaksonen.net\/index.php?rest_route=\/wp\/v2\/pages\/906\/revisions\/914"}],"wp:attachment":[{"href":"https:\/\/markelaaksonen.net\/index.php?rest_route=%2Fwp%2Fv2%2Fmedia&parent=906"}],"curies":[{"name":"wp","href":"https:\/\/api.w.org\/{rel}","templated":true}]}}