{"id":902,"date":"2025-01-12T15:52:59","date_gmt":"2025-01-12T13:52:59","guid":{"rendered":"https:\/\/markelaaksonen.net\/?page_id=902"},"modified":"2025-01-12T15:55:13","modified_gmt":"2025-01-12T13:55:13","slug":"25x25-11-01-30-01-2025-galleria-art-frida","status":"publish","type":"page","link":"https:\/\/markelaaksonen.net\/?page_id=902","title":{"rendered":"&#8221;25&#215;25&#8221; 11.01.-30.01.2025 Galleria Art Frida"},"content":{"rendered":"<p>Joka tammikuu galleriassa j\u00e4rjestet\u00e4\u00e4n erikoisn\u00e4yttely nimelt\u00e4 \u201d25\u00d725\u201d, jonka nimi viittaa ainutlaatuisten teosten kokoon: kaikki taulut ovat t\u00e4sm\u00e4lleen 25\u00d725 cm.<\/p>\n<p>Galleria Art Frida<br \/>\nKorkeavuorenkatu 25, Helsinki<br \/>\nAvoinna ke-to 11-17, la 11-16, su 12-16<\/p>\n<p>Helsingin Taideyhdistys ry<\/p>\n","protected":false},"excerpt":{"rendered":"<p>Joka tammikuu galleriassa j\u00e4rjestet\u00e4\u00e4n erikoisn\u00e4yttely nimelt\u00e4 \u201d25\u00d725\u201d, jonka nimi viittaa ainutlaatuisten teosten kokoon: kaikki taulut ovat t\u00e4sm\u00e4lleen 25\u00d725 cm. Galleria Art Frida Korkeavuorenkatu 25, Helsinki Avoinna ke-to 11-17, la 11-16, su 12-16 Helsingin Taideyhdistys ry<\/p>\n","protected":false},"author":1,"featured_media":0,"parent":0,"menu_order":0,"comment_status":"closed","ping_status":"closed","template":"","meta":{"footnotes":""},"class_list":["post-902","page","type-page","status-publish","hentry"],"_links":{"self":[{"href":"https:\/\/markelaaksonen.net\/index.php?rest_route=\/wp\/v2\/pages\/902","targetHints":{"allow":["GET"]}}],"collection":[{"href":"https:\/\/markelaaksonen.net\/index.php?rest_route=\/wp\/v2\/pages"}],"about":[{"href":"https:\/\/markelaaksonen.net\/index.php?rest_route=\/wp\/v2\/types\/page"}],"author":[{"embeddable":true,"href":"https:\/\/markelaaksonen.net\/index.php?rest_route=\/wp\/v2\/users\/1"}],"replies":[{"embeddable":true,"href":"https:\/\/markelaaksonen.net\/index.php?rest_route=%2Fwp%2Fv2%2Fcomments&post=902"}],"version-history":[{"count":2,"href":"https:\/\/markelaaksonen.net\/index.php?rest_route=\/wp\/v2\/pages\/902\/revisions"}],"predecessor-version":[{"id":905,"href":"https:\/\/markelaaksonen.net\/index.php?rest_route=\/wp\/v2\/pages\/902\/revisions\/905"}],"wp:attachment":[{"href":"https:\/\/markelaaksonen.net\/index.php?rest_route=%2Fwp%2Fv2%2Fmedia&parent=902"}],"curies":[{"name":"wp","href":"https:\/\/api.w.org\/{rel}","templated":true}]}}