{"id":864,"date":"2024-11-10T13:21:35","date_gmt":"2024-11-10T11:21:35","guid":{"rendered":"https:\/\/markelaaksonen.net\/?page_id=864"},"modified":"2025-04-09T16:27:59","modified_gmt":"2025-04-09T13:27:59","slug":"satukuvia-lapsille-03-05-28-05-2025","status":"publish","type":"page","link":"https:\/\/markelaaksonen.net\/?page_id=864","title":{"rendered":"Satukuvia lapsille 03.05-28.05.2025"},"content":{"rendered":"\n<figure class=\"wp-block-image size-large\"><img fetchpriority=\"high\" decoding=\"async\" width=\"1024\" height=\"538\" src=\"https:\/\/markelaaksonen.net\/wp-content\/uploads\/2025\/04\/2025-05-piikkio-laaksonen-FB-1200x630-1-1024x538.jpg\" alt=\"\" class=\"wp-image-987\" srcset=\"https:\/\/markelaaksonen.net\/wp-content\/uploads\/2025\/04\/2025-05-piikkio-laaksonen-FB-1200x630-1-1024x538.jpg 1024w, https:\/\/markelaaksonen.net\/wp-content\/uploads\/2025\/04\/2025-05-piikkio-laaksonen-FB-1200x630-1-300x158.jpg 300w, https:\/\/markelaaksonen.net\/wp-content\/uploads\/2025\/04\/2025-05-piikkio-laaksonen-FB-1200x630-1-768x403.jpg 768w, https:\/\/markelaaksonen.net\/wp-content\/uploads\/2025\/04\/2025-05-piikkio-laaksonen-FB-1200x630-1.jpg 1200w\" sizes=\"(max-width: 706px) 89vw, (max-width: 767px) 82vw, 740px\" \/><\/figure>\n\n\n<p><strong>Avajaiset ma 5.5. klo 17-18.30. Tervetuloa!<\/strong><\/p>\n<p>\u201d<span style=\"font-family: Arial, sans-serif;\"><span style=\"font-size: medium;\"><i>Satukuvia lapsille\u201d<\/i><\/span><\/span><span style=\"font-family: Arial, sans-serif;\"><span style=\"font-size: medium;\"> -n\u00e4yttelyss\u00e4 on kuvataiteilija Marke Laaksosen el\u00e4inaiheisia maalauksia.<\/span><\/span><\/p>\n<p>\u201d<span style=\"font-family: Arial, sans-serif;\"><span style=\"font-size: medium;\"><i>Olen el\u00e4inrakas ihminen ja el\u00e4imet tulevat luonnostaan teoksiini, jotka ovat v\u00e4rikyll\u00e4isi\u00e4 ja niiss\u00e4 on oman k\u00e4sialani mukaista nykynaivismia.\u201d<\/i><\/span><\/span><\/p>\n<p>\u201d<span style=\"font-family: Arial, sans-serif;\"><span style=\"font-size: medium;\"><i>Lapset ovat syd\u00e4nt\u00e4ni l\u00e4hell\u00e4 ja olen halunnut toteuttaa n\u00e4yttelyn erikoisesti lapsia varten.\u201d<\/i><\/span><\/span><\/p>\n<p><span style=\"font-family: Arial, sans-serif;\"><span style=\"font-size: medium;\">N\u00e4yttely on omistettu lapsenlapselle.<\/span><\/span><\/p>\n<p>Piikki\u00f6n kirjasto, Hadvalantie 9, Piikki\u00f6<\/p>","protected":false},"excerpt":{"rendered":"<p>Avajaiset ma 5.5. klo 17-18.30. Tervetuloa! \u201dSatukuvia lapsille\u201d -n\u00e4yttelyss\u00e4 on kuvataiteilija Marke Laaksosen el\u00e4inaiheisia maalauksia. \u201dOlen el\u00e4inrakas ihminen ja el\u00e4imet tulevat luonnostaan teoksiini, jotka ovat v\u00e4rikyll\u00e4isi\u00e4 ja niiss\u00e4 on oman k\u00e4sialani mukaista nykynaivismia.\u201d \u201dLapset ovat syd\u00e4nt\u00e4ni l\u00e4hell\u00e4 ja olen halunnut toteuttaa n\u00e4yttelyn erikoisesti lapsia varten.\u201d N\u00e4yttely on omistettu lapsenlapselle. Piikki\u00f6n kirjasto, Hadvalantie 9, Piikki\u00f6<\/p>\n","protected":false},"author":1,"featured_media":0,"parent":0,"menu_order":0,"comment_status":"closed","ping_status":"closed","template":"","meta":{"footnotes":""},"class_list":["post-864","page","type-page","status-publish","hentry"],"_links":{"self":[{"href":"https:\/\/markelaaksonen.net\/index.php?rest_route=\/wp\/v2\/pages\/864","targetHints":{"allow":["GET"]}}],"collection":[{"href":"https:\/\/markelaaksonen.net\/index.php?rest_route=\/wp\/v2\/pages"}],"about":[{"href":"https:\/\/markelaaksonen.net\/index.php?rest_route=\/wp\/v2\/types\/page"}],"author":[{"embeddable":true,"href":"https:\/\/markelaaksonen.net\/index.php?rest_route=\/wp\/v2\/users\/1"}],"replies":[{"embeddable":true,"href":"https:\/\/markelaaksonen.net\/index.php?rest_route=%2Fwp%2Fv2%2Fcomments&post=864"}],"version-history":[{"count":7,"href":"https:\/\/markelaaksonen.net\/index.php?rest_route=\/wp\/v2\/pages\/864\/revisions"}],"predecessor-version":[{"id":988,"href":"https:\/\/markelaaksonen.net\/index.php?rest_route=\/wp\/v2\/pages\/864\/revisions\/988"}],"wp:attachment":[{"href":"https:\/\/markelaaksonen.net\/index.php?rest_route=%2Fwp%2Fv2%2Fmedia&parent=864"}],"curies":[{"name":"wp","href":"https:\/\/api.w.org\/{rel}","templated":true}]}}