{"id":851,"date":"2024-11-10T12:41:54","date_gmt":"2024-11-10T10:41:54","guid":{"rendered":"https:\/\/markelaaksonen.net\/?page_id=851"},"modified":"2024-11-10T12:41:55","modified_gmt":"2024-11-10T10:41:55","slug":"ukj-40-vuotisjuhlanayttely-07-11-2024-05-01-2025","status":"publish","type":"page","link":"https:\/\/markelaaksonen.net\/?page_id=851","title":{"rendered":"UKJ 40-vuotisjuhlan\u00e4yttely 07.11.2024-05.01.2025"},"content":{"rendered":"\n<div class=\"wp-block-columns is-layout-flex wp-container-core-columns-is-layout-9d6595d7 wp-block-columns-is-layout-flex\">\n<div class=\"wp-block-column is-layout-flow wp-block-column-is-layout-flow\">\n<figure class=\"wp-block-image size-large is-resized\"><img fetchpriority=\"high\" decoding=\"async\" width=\"1024\" height=\"576\" src=\"https:\/\/markelaaksonen.net\/wp-content\/uploads\/2024\/11\/gandr-collage-5-1024x576.jpg\" alt=\"\" class=\"wp-image-849\" style=\"width:343px;height:auto\" srcset=\"https:\/\/markelaaksonen.net\/wp-content\/uploads\/2024\/11\/gandr-collage-5-1024x576.jpg 1024w, https:\/\/markelaaksonen.net\/wp-content\/uploads\/2024\/11\/gandr-collage-5-300x169.jpg 300w, https:\/\/markelaaksonen.net\/wp-content\/uploads\/2024\/11\/gandr-collage-5-768x432.jpg 768w, https:\/\/markelaaksonen.net\/wp-content\/uploads\/2024\/11\/gandr-collage-5-1536x864.jpg 1536w, https:\/\/markelaaksonen.net\/wp-content\/uploads\/2024\/11\/gandr-collage-5.jpg 1920w\" sizes=\"(max-width: 706px) 89vw, (max-width: 767px) 82vw, 740px\" \/><\/figure>\n<\/div>\n\n\n\n<div class=\"wp-block-column is-layout-flow wp-block-column-is-layout-flow\">\n<figure class=\"wp-block-image size-large is-resized\"><img decoding=\"async\" width=\"1024\" height=\"683\" src=\"https:\/\/markelaaksonen.net\/wp-content\/uploads\/2024\/11\/UKJ_40vuotisjuhlanayttely-1024x683.jpg\" alt=\"\" class=\"wp-image-853\" style=\"width:288px;height:auto\" srcset=\"https:\/\/markelaaksonen.net\/wp-content\/uploads\/2024\/11\/UKJ_40vuotisjuhlanayttely-1024x683.jpg 1024w, https:\/\/markelaaksonen.net\/wp-content\/uploads\/2024\/11\/UKJ_40vuotisjuhlanayttely-300x200.jpg 300w, https:\/\/markelaaksonen.net\/wp-content\/uploads\/2024\/11\/UKJ_40vuotisjuhlanayttely-768x512.jpg 768w, https:\/\/markelaaksonen.net\/wp-content\/uploads\/2024\/11\/UKJ_40vuotisjuhlanayttely-150x100.jpg 150w, https:\/\/markelaaksonen.net\/wp-content\/uploads\/2024\/11\/UKJ_40vuotisjuhlanayttely-200x133.jpg 200w, https:\/\/markelaaksonen.net\/wp-content\/uploads\/2024\/11\/UKJ_40vuotisjuhlanayttely-250x166.jpg 250w, https:\/\/markelaaksonen.net\/wp-content\/uploads\/2024\/11\/UKJ_40vuotisjuhlanayttely.jpg 1050w\" sizes=\"(max-width: 706px) 89vw, (max-width: 767px) 82vw, 740px\" \/><\/figure>\n<\/div>\n<\/div>\n\n\n<p><strong><span style=\"color: #050505;\"><span style=\"font-family: Segoe UI Historic, Segoe UI, Helvetica, Arial, sans-serif;\"><span style=\"font-size: medium;\">Uudenmaan <\/span><\/span><\/span><span style=\"color: #050505;\"><span style=\"font-family: Segoe UI Historic, Segoe UI, Helvetica, Arial, sans-serif;\"><span style=\"font-size: medium;\">K<\/span><\/span><\/span><span style=\"color: #050505;\"><span style=\"font-family: Segoe UI Historic, Segoe UI, Helvetica, Arial, sans-serif;\"><span style=\"font-size: medium;\">uvataidej\u00e4rjest\u00f6t ry 40-vuotisjuhlan\u00e4yttely<\/span><\/span><\/span><\/strong><br \/><strong><span style=\"color: #050505;\"><span style=\"font-family: Segoe UI Historic, Segoe UI, Helvetica, Arial, sans-serif;\"><span style=\"font-size: medium;\">Paikka: Gumbostrand Konst &amp; Form, Sipoo<\/span><\/span><\/span><\/strong><br \/><strong><span style=\"color: #050505;\"><span style=\"font-family: Segoe UI Historic, Segoe UI, Helvetica, Arial, sans-serif;\"><span style=\"font-size: medium;\">N\u00e4yttelyn ajankohta: 7.11.2024-5.1.2025<\/span><\/span><\/span><\/strong><\/p>\n<p>Taiteilijat: Tuula Aalto, Johanna Ekola, Pauliina Halla, Heidi Halonen, Eeva Halme, Mirja Havukainen, Kati Helin, \u00c5sa Hellman, Rauni Hulke, Sanna Johansson, Lea Karvala, Jukka Klemetti, Leena Knuuttila, Maarit Korhonen, Marke Laaksonen, Leena Laukkanen, Jaana Laurila, Maria Lehtivaara, Anne Lepp\u00e4nen, Anne Lumme, Anne Malin, Liisa Malmio, Marja-Leena Muukka, Heli M\u00e4kitalo, Tarja Nyman, Aulikki Nukala, S\u00e4de Numminen, Mari Nurminen, Sinikka Paanila, Nina Pauloff, Anni Peltola, Elise Perttula, Lilli Putti, Eeva Raitio, Helena Rajalinna, Sarah R\u00e5holm, Marja Rosenberg, Pauliina Ruokokoski, Marja-Liisa R\u00e4s\u00e4nen, Tapani Salminen, Jaana Sarpaniemi, Susanna Sinivirta, Lotta Sir\u00e9n, Tiina Tainio, Maria T\u00f6rnwall, Markku Uitto, Helena Valtonen, Nina Wallenstjerna-Heiskanen, Nastaran Nasir Zadeh.<br \/><br \/><span style=\"color: #050505;\"><span style=\"font-family: Segoe UI Historic, Segoe UI, Helvetica, Arial, sans-serif;\"><span style=\"font-size: medium;\">Gumbostrand Konst &amp; Form -taidekeskus Sipoossa avaa oven t\u00e4m\u00e4nhetkisen kotimaisen nykytaiteen tilaan.<\/span><\/span><\/span><br \/><span style=\"color: #050505;\"><span style=\"font-family: Segoe UI Historic, Segoe UI, Helvetica, Arial, sans-serif;\"><span style=\"font-size: medium;\">Uudenmaankuvataidej\u00e4rjest\u00f6\u00f6n kuuluu 15 j\u00e4senj\u00e4rjest\u00f6jen kautta noin 2200 taiteilijaa, joiden joukosta haun perusteella n\u00e4yttelyyn on valikoitunut noin 50 taiteilijaa. Teema oli avoin mutta ammattimaisuus ja positiivisuus sek\u00e4 aitous oli hakijoiden pidett\u00e4v\u00e4 mieless\u00e4\u00e4n l\u00e4hett\u00e4ess\u00e4\u00e4n teoksia mukaan hakuprosessiin. N\u00e4yttely lupaa v\u00e4ri\u00e4 ja iloa talven pimeimp\u00e4\u00e4n aikaan sek\u00e4 hyv\u00e4n l\u00e4pileikkauksen siit\u00e4 mit\u00e4 taiteilijoiden ty\u00f6huoneilla syntyy juuri nyt.<br \/><br \/>Uudenmaan Kuvataidej\u00e4rjest\u00f6t ry on Etel\u00e4-Suomen l\u00e4\u00e4niss\u00e4 toimivien taiteilijaj\u00e4rjest\u00f6jen ja taideyhdistysten keskusj\u00e4rjest\u00f6, jonka tavoitteena on edist\u00e4\u00e4 kuvataiteiden asemaa ja toimia j\u00e4seniens\u00e4 yhdyssiteen\u00e4. Tavoitteensa toteuttamiseksi UKJ j\u00e4rjest\u00e4\u00e4 n\u00e4yttelyit\u00e4, tiedottaa ja antaa lausuntoja kuvataiteesta, j\u00e4rjest\u00e4\u00e4 kuvataiteilijoita koskettavista ja hy\u00f6dytt\u00e4vist\u00e4 aiheista kuvataidep\u00e4iv\u00e4seminaareja ja luentoja sek\u00e4 toimii yhteisty\u00f6ss\u00e4 j\u00e4senj\u00e4rjest\u00f6jens\u00e4 kautta taidehallinnon elimien ja kunnallisten kulttuuritointen kanssa. UKJ on perustettu vuonna 1984. <br \/><br \/>\u201dGumbostrand Konst &amp; Formissa n\u00e4imme yhteisty\u00f6n my\u00f6t\u00e4 oivan tavan verkostoitua uusien taitelijoiden kanssa. J\u00e4rjest\u00e4mme harvakseen ryhm\u00e4n\u00e4yttelyit\u00e4, joten t\u00e4m\u00e4 oli kiva tapa tarjota meid\u00e4n laajalle katsojakunnallemme eri tyyleill\u00e4 ja tekniikoilla toteutettuja teoksia my\u00f6s eri hinta ja kokoluokassa. Mukana on my\u00f6s kolmiulotteisia teoksia taulujen lis\u00e4ksi.\u201d -Kertoo Kuraattori ja Galleristi Charlotta Bj\u00f6rkendahl<br \/><br \/>Taidekeskus Helsingin kupeessa<br \/>Gumbostrand Konst &amp; Form -taidekeskus sijaitsee 30 kilometrin p\u00e4\u00e4ss\u00e4 Helsingin keskustasta Sipoon S\u00f6derkullassa. Vanhaan tehdasrakennukseen entistetty taidekeskus avattiin vuonna 2012. Se keskittyy kotimaiseen nykytaiteeseen, muotoiluun ja uniikkiin designiin.<br \/><br \/>Lis\u00e4tietoja: Charlotta Bj\u00f6rkendahl, 0405199190, charlotta.bjorkendahl@konstoform.fi<br \/>Gumbostrand Konst &amp; Form Vainuddintie 72-28 01150 S\u00f6derkulla\u00a0<a href=\"https:\/\/l.facebook.com\/l.php?u=http%3A%2F%2Fwww.konstoform.fi%2F&amp;h=AT2OunVZ_ep044mtWlSFPnfEwaMi_I3gqg9n46wk2j9JM99c10KWcQEP1BhS8MuM5h0v_NzdlGTrCSRxjXjj0lyfPfWy9uQ_qelBH2yy5x8XA1FryXyPg1hizwV-ELaSfJAWnEgKlnO005j_PpSf&amp;__tn__=-UK*F\" target=\"_blank\" rel=\"noopener\">www.konstoform.fi<\/a><\/span><\/span><\/span><\/p>\n<p>\u00a0<\/p>\n\n\n<p><\/p>\n","protected":false},"excerpt":{"rendered":"<p>Uudenmaan Kuvataidej\u00e4rjest\u00f6t ry 40-vuotisjuhlan\u00e4yttelyPaikka: Gumbostrand Konst &amp; Form, SipooN\u00e4yttelyn ajankohta: 7.11.2024-5.1.2025 Taiteilijat: Tuula Aalto, Johanna Ekola, Pauliina Halla, Heidi Halonen, Eeva Halme, Mirja Havukainen, Kati Helin, \u00c5sa Hellman, Rauni Hulke, Sanna Johansson, Lea Karvala, Jukka Klemetti, Leena Knuuttila, Maarit Korhonen, Marke Laaksonen, Leena Laukkanen, Jaana Laurila, Maria Lehtivaara, Anne Lepp\u00e4nen, Anne Lumme, Anne Malin, Liisa &hellip; <\/p>\n<p class=\"link-more\"><a href=\"https:\/\/markelaaksonen.net\/?page_id=851\" class=\"more-link\">Jatka lukemista<span class=\"screen-reader-text\"> &#8221;UKJ 40-vuotisjuhlan\u00e4yttely 07.11.2024-05.01.2025&#8221;<\/span><\/a><\/p>\n","protected":false},"author":1,"featured_media":0,"parent":0,"menu_order":0,"comment_status":"closed","ping_status":"closed","template":"","meta":{"footnotes":""},"class_list":["post-851","page","type-page","status-publish","hentry"],"_links":{"self":[{"href":"https:\/\/markelaaksonen.net\/index.php?rest_route=\/wp\/v2\/pages\/851","targetHints":{"allow":["GET"]}}],"collection":[{"href":"https:\/\/markelaaksonen.net\/index.php?rest_route=\/wp\/v2\/pages"}],"about":[{"href":"https:\/\/markelaaksonen.net\/index.php?rest_route=\/wp\/v2\/types\/page"}],"author":[{"embeddable":true,"href":"https:\/\/markelaaksonen.net\/index.php?rest_route=\/wp\/v2\/users\/1"}],"replies":[{"embeddable":true,"href":"https:\/\/markelaaksonen.net\/index.php?rest_route=%2Fwp%2Fv2%2Fcomments&post=851"}],"version-history":[{"count":2,"href":"https:\/\/markelaaksonen.net\/index.php?rest_route=\/wp\/v2\/pages\/851\/revisions"}],"predecessor-version":[{"id":857,"href":"https:\/\/markelaaksonen.net\/index.php?rest_route=\/wp\/v2\/pages\/851\/revisions\/857"}],"wp:attachment":[{"href":"https:\/\/markelaaksonen.net\/index.php?rest_route=%2Fwp%2Fv2%2Fmedia&parent=851"}],"curies":[{"name":"wp","href":"https:\/\/api.w.org\/{rel}","templated":true}]}}