{"id":200,"date":"2021-05-18T10:46:12","date_gmt":"2021-05-18T07:46:12","guid":{"rendered":"http:\/\/markelaaksonen.net\/?page_id=200"},"modified":"2026-03-20T13:04:11","modified_gmt":"2026-03-20T11:04:11","slug":"artist-statement","status":"publish","type":"page","link":"https:\/\/markelaaksonen.net\/","title":{"rendered":"ARTIST STATEMENT"},"content":{"rendered":"<p><img fetchpriority=\"high\" decoding=\"async\" class=\"size-medium wp-image-240 alignleft\" src=\"https:\/\/markelaaksonen.net\/wp-content\/uploads\/2021\/05\/IMG_8594-3_20-225x300.jpg\" alt=\"\" width=\"225\" height=\"300\" srcset=\"https:\/\/markelaaksonen.net\/wp-content\/uploads\/2021\/05\/IMG_8594-3_20-225x300.jpg 225w, https:\/\/markelaaksonen.net\/wp-content\/uploads\/2021\/05\/IMG_8594-3_20.jpg 268w\" sizes=\"(max-width: 225px) 100vw, 225px\" \/><\/p>\n<p>Kuvataiteilijana ty\u00f6skentelen monenlaisilla tekniikoilla ja materiaaleilla, joista p\u00e4\u00e4asiallisin tekniikkani on \u00f6ljyv\u00e4rimaalaus. Puupiirrosten teko on my\u00f6s valloittanut syd\u00e4meni.<\/p>\n<p>Teen esitt\u00e4v\u00e4\u00e4 taidetta ja maalauksissani on oman k\u00e4sialani mukaista nykynaivistista tyyli\u00e4 ja ilmaisutapaa.<\/p>\n<p>Lapset ovat syd\u00e4nt\u00e4ni l\u00e4hell\u00e4 ja monet teoksistani sopivatkin hyvin lastenhuoneeseen.<\/p>\n<p>Olen innokas luontovalokuvaaja ja t\u00e4m\u00e4 materiaali toimiikin usein alkusys\u00e4yksen\u00e4 teoksilleni.<\/p>\n<p>Eksoottiset asiat, kuten tropiikin v\u00e4rit, viidakot, autiomaat, arktiset alueet, el\u00e4imet ja erilaiset kasvien muodot innostavat ja inspiroivat minua. Luonnon monimuotoinen ihmeellisyys, kauneus ja mystisyyskin on minulle t\u00e4rke\u00e4 aihealue.<\/p>\n<p>Luonnossa koetut el\u00e4mykset tulevat esiin maalauksissani, joissa ne muuttuvat sadunomaisen fantasian muotoon. Innostuksen ja ihmettelyn tunteet ovat tuottaneet esim. hyv\u00e4nmielen maalauksia, joita haluan taiteilijana maalata.<\/p>\n<p>Asun ja ty\u00f6skentelen Piikki\u00f6ss\u00e4.<\/p>\n\n\n<ul class=\"wp-block-social-links is-layout-flex wp-block-social-links-is-layout-flex\"><li class=\"wp-social-link wp-social-link-facebook  wp-block-social-link\"><a href=\"https:\/\/www.facebook.com\/Marke-Laaksonen-Art-106651874944951\" class=\"wp-block-social-link-anchor\"><svg width=\"24\" height=\"24\" viewBox=\"0 0 24 24\" version=\"1.1\" xmlns=\"http:\/\/www.w3.org\/2000\/svg\" aria-hidden=\"true\" focusable=\"false\"><path d=\"M12 2C6.5 2 2 6.5 2 12c0 5 3.7 9.1 8.4 9.9v-7H7.9V12h2.5V9.8c0-2.5 1.5-3.9 3.8-3.9 1.1 0 2.2.2 2.2.2v2.5h-1.3c-1.2 0-1.6.8-1.6 1.6V12h2.8l-.4 2.9h-2.3v7C18.3 21.1 22 17 22 12c0-5.5-4.5-10-10-10z\"><\/path><\/svg><span class=\"wp-block-social-link-label screen-reader-text\">Facebook<\/span><\/a><\/li>\n\n<li class=\"wp-social-link wp-social-link-instagram  wp-block-social-link\"><a href=\"https:\/\/www.instagram.com\/_marke_naiveart\/\" class=\"wp-block-social-link-anchor\"><svg width=\"24\" height=\"24\" viewBox=\"0 0 24 24\" version=\"1.1\" xmlns=\"http:\/\/www.w3.org\/2000\/svg\" aria-hidden=\"true\" focusable=\"false\"><path d=\"M12,4.622c2.403,0,2.688,0.009,3.637,0.052c0.877,0.04,1.354,0.187,1.671,0.31c0.42,0.163,0.72,0.358,1.035,0.673 c0.315,0.315,0.51,0.615,0.673,1.035c0.123,0.317,0.27,0.794,0.31,1.671c0.043,0.949,0.052,1.234,0.052,3.637 s-0.009,2.688-0.052,3.637c-0.04,0.877-0.187,1.354-0.31,1.671c-0.163,0.42-0.358,0.72-0.673,1.035 c-0.315,0.315-0.615,0.51-1.035,0.673c-0.317,0.123-0.794,0.27-1.671,0.31c-0.949,0.043-1.233,0.052-3.637,0.052 s-2.688-0.009-3.637-0.052c-0.877-0.04-1.354-0.187-1.671-0.31c-0.42-0.163-0.72-0.358-1.035-0.673 c-0.315-0.315-0.51-0.615-0.673-1.035c-0.123-0.317-0.27-0.794-0.31-1.671C4.631,14.688,4.622,14.403,4.622,12 s0.009-2.688,0.052-3.637c0.04-0.877,0.187-1.354,0.31-1.671c0.163-0.42,0.358-0.72,0.673-1.035 c0.315-0.315,0.615-0.51,1.035-0.673c0.317-0.123,0.794-0.27,1.671-0.31C9.312,4.631,9.597,4.622,12,4.622 M12,3 C9.556,3,9.249,3.01,8.289,3.054C7.331,3.098,6.677,3.25,6.105,3.472C5.513,3.702,5.011,4.01,4.511,4.511 c-0.5,0.5-0.808,1.002-1.038,1.594C3.25,6.677,3.098,7.331,3.054,8.289C3.01,9.249,3,9.556,3,12c0,2.444,0.01,2.751,0.054,3.711 c0.044,0.958,0.196,1.612,0.418,2.185c0.23,0.592,0.538,1.094,1.038,1.594c0.5,0.5,1.002,0.808,1.594,1.038 c0.572,0.222,1.227,0.375,2.185,0.418C9.249,20.99,9.556,21,12,21s2.751-0.01,3.711-0.054c0.958-0.044,1.612-0.196,2.185-0.418 c0.592-0.23,1.094-0.538,1.594-1.038c0.5-0.5,0.808-1.002,1.038-1.594c0.222-0.572,0.375-1.227,0.418-2.185 C20.99,14.751,21,14.444,21,12s-0.01-2.751-0.054-3.711c-0.044-0.958-0.196-1.612-0.418-2.185c-0.23-0.592-0.538-1.094-1.038-1.594 c-0.5-0.5-1.002-0.808-1.594-1.038c-0.572-0.222-1.227-0.375-2.185-0.418C14.751,3.01,14.444,3,12,3L12,3z M12,7.378 c-2.552,0-4.622,2.069-4.622,4.622S9.448,16.622,12,16.622s4.622-2.069,4.622-4.622S14.552,7.378,12,7.378z M12,15 c-1.657,0-3-1.343-3-3s1.343-3,3-3s3,1.343,3,3S13.657,15,12,15z M16.804,6.116c-0.596,0-1.08,0.484-1.08,1.08 s0.484,1.08,1.08,1.08c0.596,0,1.08-0.484,1.08-1.08S17.401,6.116,16.804,6.116z\"><\/path><\/svg><span class=\"wp-block-social-link-label screen-reader-text\">Instagram<\/span><\/a><\/li><\/ul>\n\n\n\n<p><\/p>\n","protected":false},"excerpt":{"rendered":"<p>Kuvataiteilijana ty\u00f6skentelen monenlaisilla tekniikoilla ja materiaaleilla, joista p\u00e4\u00e4asiallisin tekniikkani on \u00f6ljyv\u00e4rimaalaus. Puupiirrosten teko on my\u00f6s valloittanut syd\u00e4meni. Teen esitt\u00e4v\u00e4\u00e4 taidetta ja maalauksissani on oman k\u00e4sialani mukaista nykynaivistista tyyli\u00e4 ja ilmaisutapaa. Lapset ovat syd\u00e4nt\u00e4ni l\u00e4hell\u00e4 ja monet teoksistani sopivatkin hyvin lastenhuoneeseen. Olen innokas luontovalokuvaaja ja t\u00e4m\u00e4 materiaali toimiikin usein alkusys\u00e4yksen\u00e4 teoksilleni. Eksoottiset asiat, kuten tropiikin v\u00e4rit, &hellip; <\/p>\n<p class=\"link-more\"><a href=\"https:\/\/markelaaksonen.net\/\" class=\"more-link\">Jatka lukemista<span class=\"screen-reader-text\"> &#8221;ARTIST STATEMENT&#8221;<\/span><\/a><\/p>\n","protected":false},"author":1,"featured_media":0,"parent":0,"menu_order":0,"comment_status":"closed","ping_status":"closed","template":"","meta":{"footnotes":""},"class_list":["post-200","page","type-page","status-publish","hentry"],"_links":{"self":[{"href":"https:\/\/markelaaksonen.net\/index.php?rest_route=\/wp\/v2\/pages\/200","targetHints":{"allow":["GET"]}}],"collection":[{"href":"https:\/\/markelaaksonen.net\/index.php?rest_route=\/wp\/v2\/pages"}],"about":[{"href":"https:\/\/markelaaksonen.net\/index.php?rest_route=\/wp\/v2\/types\/page"}],"author":[{"embeddable":true,"href":"https:\/\/markelaaksonen.net\/index.php?rest_route=\/wp\/v2\/users\/1"}],"replies":[{"embeddable":true,"href":"https:\/\/markelaaksonen.net\/index.php?rest_route=%2Fwp%2Fv2%2Fcomments&post=200"}],"version-history":[{"count":19,"href":"https:\/\/markelaaksonen.net\/index.php?rest_route=\/wp\/v2\/pages\/200\/revisions"}],"predecessor-version":[{"id":1099,"href":"https:\/\/markelaaksonen.net\/index.php?rest_route=\/wp\/v2\/pages\/200\/revisions\/1099"}],"wp:attachment":[{"href":"https:\/\/markelaaksonen.net\/index.php?rest_route=%2Fwp%2Fv2%2Fmedia&parent=200"}],"curies":[{"name":"wp","href":"https:\/\/api.w.org\/{rel}","templated":true}]}}