{"id":142,"date":"2021-05-17T17:07:20","date_gmt":"2021-05-17T14:07:20","guid":{"rendered":"http:\/\/markelaaksonen.net\/?page_id=142"},"modified":"2026-03-09T11:58:36","modified_gmt":"2026-03-09T09:58:36","slug":"cv","status":"publish","type":"page","link":"https:\/\/markelaaksonen.net\/?page_id=142","title":{"rendered":"CV"},"content":{"rendered":"<p><strong>Marke Maria Laaksonen \/ Piikki\u00f6<\/strong><\/p>\n<p>e-mail: marke.naiveart@kotiposti.net<br \/>\np. +358 400 576 572<br \/>\nwww.markelaaksonen.net<br \/>\nhttps:\/\/www.facebook.com\/markenaiveart @markenaiveart<br \/>\nhttps:\/\/www.instagram.com\/_marke_naiveart @_marke_naiveart<\/p>\n<p><strong>TAIDEOPINNOT<\/strong><\/p>\n<p>2020-23 Kuvataiteilija, Taidekoulu Alfa-Art<\/p>\n<p><strong>YKSITYISN\u00c4YTTELYT<br \/>\n<\/strong><br \/>\n2025 Forum Kortteli, pop up -n\u00e4yttely, Turun Taiteiden y\u00f6<br \/>\n2025 Piikki\u00f6n kirjasto, Piikki\u00f6, &#8221;Satukuvia lapsille&#8221;<br \/>\n2024 It\u00e4isenkadun Taidetarvikkeen ikkunagalleria, Turku, &#8221;Veike\u00e4n v\u00e4rik\u00e4st\u00e4!&#8221;<br \/>\n2023 Tuorlan Majatalo, Kaarina, &#8221;Kukkien kuningatar&#8221;<br \/>\n2022 It\u00e4isenkadun Kehyst\u00e4m\u00f6n ikkunagalleria, Turku, \u201dViidakosta puutarhaan\u201d<br \/>\n2022 Almintalo, Loviisan taidekeskus, \u201dL\u00e4hell\u00e4 ja Kaukaa\u201d<br \/>\n<strong><br \/>\nRYHM\u00c4- JA YHTEISN\u00c4YTTELYT<\/strong><\/p>\n<p>2026 Skanssi, Turku, &#8221;Iloa taiteesta&#8221;, Turun Sunnuntaimaalarit ry<br \/>\n2025 Naivismin talvi 2025-2026, Iittala<br \/>\n2025 Kaarina-talo, Kaarina, ryhm\u00e4n\u00e4yttely &#8221;Kaivertamalla synnytetty&#8221;, puupiirroksia, Turun Sunnuntaimaalarit ry<br \/>\n2025 Galleria 4-kuus, ryhm\u00e4n\u00e4yttely &#8221;Kev\u00e4\u00e4n riemua&#8221;, Helsingin Taideyhdistys ry<br \/>\n2025 Kaapelitehdas Puristamo, &#8221;V\u00e4riharmoniaa&#8221;, Suomen Taiteilijat ry<br \/>\n2025 Nousiaisten kirjasto, ryhm\u00e4n\u00e4yttely &#8221;Luovaa luontoa&#8221;<br \/>\n2025 Jorvin sairaalan p\u00e4\u00e4aula, ryhm\u00e4n\u00e4yttely &#8221;Ilo ja inspiraatio&#8221;, Helsingin Taideyhdistys ry<br \/>\n2025 Galleria Art Frida, ryhm\u00e4n\u00e4yttely &#8221;25&#215;25&#8221;, Helsingin Taideyhdistys ry<br \/>\n2024 Naivismin talvi 2024-2025, Iittala<br \/>\n2024 Gumbostrand Konst &amp; Form, S\u00f6derkulla, UKJ 40-vuotisjuhlan\u00e4yttely, kuraattori Charlotta Bj\u00f6rkendahl<br \/>\n2024 Skanssi, Turku, Turun Sunnuntaimaalarit ry:n syysn\u00e4yttely<br \/>\n2024 Iittalan Naivistit kes\u00e4n\u00e4yttely \u201dKeltainen talo\u201d, kuraattori Veikko Halmetoja<br \/>\n2024 Galleria 4-kuus, ryhm\u00e4n\u00e4yttely \u201dAuringon siivell\u00e4\u201d, Helsingin Taideyhdistys ry<br \/>\n2024 Kaapelitehdas Puristamo, yhteisn\u00e4yttely \u201dLoisto\u201d, Suomen Taiteilijat ry, kuraattori Vicky Maaranen<br \/>\n2023 Musiikkitalo, Helsinki, ryhm\u00e4n\u00e4yttely \u201dVilli sointi\u201d, kuraattori Alina Sinivaara<br \/>\n2023 Galleria Fogga, Helsinki, ryhm\u00e4n\u00e4yttely \u201dIloon koodatut\u201d<br \/>\n2023 Kaarina-talo, ryhm\u00e4n\u00e4yttely \u201dMaalauksia luonnon inspiroimana\u201d<br \/>\n2023 Nousiaisten kirjasto, ryhm\u00e4n\u00e4yttely \u201dV\u00e4rik\u00e4s maailma\u201d<br \/>\n2023 Kaapelitehdas Puristamo, ryhm\u00e4n\u00e4yttely \u201dSadoista ovista\u201d<br \/>\n2022 Kaapelitehdas Puristamo, yhteisn\u00e4yttely &#8221;Uudet Maan Kuvat&#8221;, UKJ, kuraattori Tero Annanolli<br \/>\n2022 Skanssi, Turku, yhteisn\u00e4yttely \u201dV\u00e4rej\u00e4 Sumassa\u201d<br \/>\n2022 Yl\u00e4neen kirjasto, ryhm\u00e4n\u00e4yttely \u201dIlonpisaroita\u201d<br \/>\n2022 Kaapelitehdas Valssaamo, yhteisn\u00e4yttely \u201d54. Vuosin\u00e4yttely\u201d, Suomen Taiteilijat ry, kuraattori Tero Annanolli<br \/>\n2022 Kuusankoskitalon Galleria, yhteisn\u00e4yttely \u201dValon taikaa\u201d, Suomen Taiteilijat ry<br \/>\n2021 Skanssi, Turku, yhteisn\u00e4yttely \u201dTurun Sunnuntaimaalareiden syysn\u00e4yttely\u201d<br \/>\n2021 Kulttuurikeskus Cruselli, Uusikaupunki, ryhm\u00e4n\u00e4yttely \u201d El\u00e4m\u00e4n v\u00e4rej\u00e4\u201d, kuraattori Tiina Vainio<br \/>\n2021 Klementinan Galleria, Helsinki, ryhm\u00e4n\u00e4yttely \u201dKaukaa\u201d, kuraattori Maarit Bj\u00f6rkman-V\u00e4liahdet<br \/>\n2020 Brinkkalan galleria, Turku, yhteisn\u00e4yttely \u201dCarpe Diem\u201d, kuraattori Panu Thusberg<br \/>\n2020 Paimion kaupungintalon n\u00e4yttelyparvi, Paimio, ryhm\u00e4n\u00e4yttely \u201dFlexible Plexibles goes International Part 2\u201d,<br \/>\nkuraattori Elina Ruohonen<br \/>\n2020 Kaarina-talo, Kaarina, ryhm\u00e4n\u00e4yttely \u201dFlexible Plexibles goes International\u201d, kuraattori Elina Ruohonen<br \/>\n2019 Bio City Mauno, Turku, yhteisn\u00e4yttely \u201dTurun Sunnuntaimaalareiden kev\u00e4tn\u00e4yttely\u201d<br \/>\n2019 Bio City Mauno, Turku, yhteisn\u00e4yttely \u201dTurun Sunnuntaimaalareiden syysn\u00e4yttely\u201d<br \/>\n2018 Varsinais-Suomen liitto, Aulagalleria, Turku, ryhm\u00e4n\u00e4yttely \u201dMarilyn ja 009\u201d, kuraattori Elina Ruohonen<br \/>\n2018 Brinkkalan galleria, Turku, yhteisn\u00e4yttely \u201dTurun Sunnuntaimaalareiden 40-vuotisjuhlan\u00e4yttely\u201d, kuraattori Elina Ruohonen<\/p>\n<p><strong>MUUT N\u00c4YTTELYT<\/strong><\/p>\n<p>Lukuisia yhteisn\u00e4yttelyj\u00e4 yli 30 vuoden ajan eri taideyhdistysten j\u00e4senen\u00e4.<\/p>\n<p><strong>TULEVAT N\u00c4YTTELYT<\/strong><\/p>\n<p>1.-31.8.2026, Tuorlan Majatalo, Kaarina, yksityisn\u00e4yttely<br \/>\n&#8221;Onnea ja iloa &#8211; Naivistisia maalauksia&#8221;<\/p>\n<p><strong>LUOTTAMUSTEHT\u00c4V\u00c4T<\/strong><\/p>\n<p>Piikki\u00f6n Kuvataideyhdistys ry, puheenjohtajana 2005-2018.<br \/>\nTurun Sunnuntaimaalarit ry, hallituksen j\u00e4sen 2018-2021.<\/p>\n<p><strong>J\u00c4SENYYDET<\/strong><\/p>\n<p>Suomen Taiteilijat ry<br \/>\nHelsingin Taideyhdistys ry<br \/>\nTurun Sunnuntaimaalarit ry<\/p>\n","protected":false},"excerpt":{"rendered":"<p>Marke Maria Laaksonen \/ Piikki\u00f6 e-mail: marke.naiveart@kotiposti.net p. +358 400 576 572 www.markelaaksonen.net https:\/\/www.facebook.com\/markenaiveart @markenaiveart https:\/\/www.instagram.com\/_marke_naiveart @_marke_naiveart TAIDEOPINNOT 2020-23 Kuvataiteilija, Taidekoulu Alfa-Art YKSITYISN\u00c4YTTELYT 2025 Forum Kortteli, pop up -n\u00e4yttely, Turun Taiteiden y\u00f6 2025 Piikki\u00f6n kirjasto, Piikki\u00f6, &#8221;Satukuvia lapsille&#8221; 2024 It\u00e4isenkadun Taidetarvikkeen ikkunagalleria, Turku, &#8221;Veike\u00e4n v\u00e4rik\u00e4st\u00e4!&#8221; 2023 Tuorlan Majatalo, Kaarina, &#8221;Kukkien kuningatar&#8221; 2022 It\u00e4isenkadun Kehyst\u00e4m\u00f6n ikkunagalleria, &hellip; <\/p>\n<p class=\"link-more\"><a href=\"https:\/\/markelaaksonen.net\/?page_id=142\" class=\"more-link\">Jatka lukemista<span class=\"screen-reader-text\"> &#8221;CV&#8221;<\/span><\/a><\/p>\n","protected":false},"author":1,"featured_media":0,"parent":0,"menu_order":0,"comment_status":"closed","ping_status":"closed","template":"","meta":{"footnotes":""},"class_list":["post-142","page","type-page","status-publish","hentry"],"_links":{"self":[{"href":"https:\/\/markelaaksonen.net\/index.php?rest_route=\/wp\/v2\/pages\/142","targetHints":{"allow":["GET"]}}],"collection":[{"href":"https:\/\/markelaaksonen.net\/index.php?rest_route=\/wp\/v2\/pages"}],"about":[{"href":"https:\/\/markelaaksonen.net\/index.php?rest_route=\/wp\/v2\/types\/page"}],"author":[{"embeddable":true,"href":"https:\/\/markelaaksonen.net\/index.php?rest_route=\/wp\/v2\/users\/1"}],"replies":[{"embeddable":true,"href":"https:\/\/markelaaksonen.net\/index.php?rest_route=%2Fwp%2Fv2%2Fcomments&post=142"}],"version-history":[{"count":66,"href":"https:\/\/markelaaksonen.net\/index.php?rest_route=\/wp\/v2\/pages\/142\/revisions"}],"predecessor-version":[{"id":1084,"href":"https:\/\/markelaaksonen.net\/index.php?rest_route=\/wp\/v2\/pages\/142\/revisions\/1084"}],"wp:attachment":[{"href":"https:\/\/markelaaksonen.net\/index.php?rest_route=%2Fwp%2Fv2%2Fmedia&parent=142"}],"curies":[{"name":"wp","href":"https:\/\/api.w.org\/{rel}","templated":true}]}}